{"id":436,"date":"2025-01-21T12:49:37","date_gmt":"2025-01-21T11:49:37","guid":{"rendered":"https:\/\/aped-dingy.com\/?page_id=436"},"modified":"2025-08-28T15:02:25","modified_gmt":"2025-08-28T13:02:25","slug":"a-propos","status":"publish","type":"page","link":"https:\/\/aped-dingy.com\/index.php\/a-propos\/","title":{"rendered":"A propos"},"content":{"rendered":"\n\n<!-- \/wp:post-content --><!-- wp:paragraph -->\n\n<strong>L&rsquo;APED c&rsquo;est :<\/strong>\n\n<!-- \/wp:paragraph --><!-- wp:list -->\n<ul>\n \t<li style=\"list-style-type: none;\">\n<ul><!-- wp:list-item --><\/ul>\n<\/li>\n<\/ul>\n<ul>\n \t<li style=\"list-style-type: none;\">\n<ul>\n \t<li>Une association ouverte \u00e0 tous les parents d\u2019\u00e9l\u00e8ves des \u00e9coles maternelle et primaire de Dingy-Saint-Clair,<\/li>\n<\/ul>\n<\/li>\n<\/ul>\n<!-- \/wp:list-item --><!-- wp:list-item -->\n<ul>\n \t<li style=\"list-style-type: none;\">\n<ul>\n \t<li>Une communaut\u00e9 de b\u00e9n\u00e9voles qui organise des manifestations pour le financement des activit\u00e9s scolaires,<\/li>\n<\/ul>\n<\/li>\n<\/ul>\n<!-- \/wp:list-item -->\n\n<!-- \/wp:list --><!-- wp:paragraph -->\n\n<strong>=&gt; Cr\u00e9er du lien, permettre aux parents de se rencontrer, \u00e9crire ensemble de superbes souvenirs pour nos enfants, faire vivre notre commune tout en soutenant les projets p\u00e9dagogiques pour la plus grande joie de nos bambins !<\/strong>\n\n<strong>\u00a0<\/strong>\n\n<!-- \/wp:paragraph --><!-- wp:paragraph -->\n\n<!-- \/wp:paragraph --><!-- wp:paragraph -->\n\n<strong>Au sujet de notre Communaut\u00e9 :<\/strong>\n\n<!-- \/wp:paragraph --><!-- wp:paragraph -->\n\nEnviron 40 membres b\u00e9n\u00e9voles qui organisent des manifestations, et\/ou aident lors des \u00e9v\u00e8nements\u00a0ou m\u00eame pour le back-office de l&rsquo;Association ! Merci !\n\n<!-- \/wp:paragraph --><!-- wp:paragraph -->\n\nTous les parents peuvent se rendre aux r\u00e9unions de l\u2019APED et peuvent aider un peu, beaucoup, passionn\u00e9ment ! Aucune obligation !\n\n<!-- \/wp:paragraph --><!-- wp:paragraph -->\n\n\u2026 Mais sans b\u00e9n\u00e9vole, rien n\u2019est possible &#8230;\n\n<!-- \/wp:paragraph --><!-- wp:paragraph {\"align\":\"center\"} -->\n\nEt une \u00e9quipe nombreuse pour aider\n\n<!-- \/wp:paragraph --><!-- wp:paragraph {\"align\":\"center\"} -->\n\n=\n\n<!-- \/wp:paragraph --><!-- wp:paragraph {\"align\":\"center\"} -->\n\nUne plus grande r\u00e9partition des t\u00e2ches \ud83e\udd29\n\n<!-- \/wp:paragraph --><!-- wp:paragraph -->\n\n<strong>Alors, rejoignez-nous ! Ambiance chaleureuse et conviviale garantie ! N&rsquo;h\u00e9sitez plus !<\/strong>\n\n<!-- \/wp:paragraph --><!-- wp:meow-gallery\/gallery {\"images\":[{\"alt\":\"\",\"id\":484,\"link\":\"https:\/\/aped-dingy.com\/index.php\/a-propos\/nos-valeurs\/\",\"url\":\"http:\/\/aped-dingy.com\/wp-content\/uploads\/2025\/01\/NOS-VALEURS.png\",\"caption\":\"\"}],\"htmlPreview\":\"u003cdiv class=u0022mgl-rootu0022 data-gallery-options=u0022{u0026quot;image_idsu0026quot;:[u0026quot;484u0026quot;],u0026quot;idu0026quot;:u0026quot;678f9fc78d909u0026quot;,u0026quot;sizeu0026quot;:u0026quot;largeu0026quot;,u0026quot;infiniteu0026quot;:false,u0026quot;custom_classu0026quot;:null,u0026quot;linku0026quot;:null,u0026quot;is_previewu0026quot;:true,u0026quot;updiru0026quot;:u0026quot;http:\/\/aped-dingy.com\/wp-content\/uploads\/u0026quot;,u0026quot;captionsu0026quot;:u0026quot;noneu0026quot;,u0026quot;animationu0026quot;:false,u0026quot;layoutu0026quot;:u0026quot;tilesu0026quot;,u0026quot;justified_row_heightu0026quot;:200,u0026quot;justified_gutteru0026quot;:5,u0026quot;masonry_gutteru0026quot;:5,u0026quot;masonry_columnsu0026quot;:3,u0026quot;square_gutteru0026quot;:5,u0026quot;square_columnsu0026quot;:5,u0026quot;cascade_gutteru0026quot;:10,u0026quot;class_idu0026quot;:u0026quot;mgl-gallery-678f9fc78d909u0026quot;,u0026quot;layoutsu0026quot;:[],u0026quot;tiles_gutteru0026quot;:10,u0026quot;tiles_gutter_tabletu0026quot;:10,u0026quot;tiles_gutter_mobileu0026quot;:10,u0026quot;tiles_densityu0026quot;:u0026quot;highu0026quot;,u0026quot;tiles_density_tabletu0026quot;:u0026quot;mediumu0026quot;,u0026quot;tiles_density_mobileu0026quot;:u0026quot;lowu0026quot;,u0026quot;horizontal_gutteru0026quot;:10,u0026quot;horizontal_image_heightu0026quot;:500,u0026quot;horizontal_hide_scrollbaru0026quot;:false,u0026quot;carousel_gutteru0026quot;:5,u0026quot;carousel_arrow_nav_enabledu0026quot;:true,u0026quot;carousel_dot_nav_enabledu0026quot;:true,u0026quot;carousel_image_heightu0026quot;:500,u0026quot;map_gutteru0026quot;:10,u0026quot;map_heightu0026quot;:500}u0022 data-gallery-images=u0022[{u0026quot;captionu0026quot;:u0026quot;u0026quot;,u0026quot;metau0026quot;:{u0026quot;widthu0026quot;:2880,u0026quot;heightu0026quot;:2304,u0026quot;fileu0026quot;:u0026quot;2025\/01\/NOS-VALEURS.pngu0026quot;,u0026quot;filesizeu0026quot;:1166665,u0026quot;sizesu0026quot;:{u0026quot;mediumu0026quot;:{u0026quot;fileu0026quot;:u0026quot;NOS-VALEURS-300x240.pngu0026quot;,u0026quot;widthu0026quot;:300,u0026quot;heightu0026quot;:240,u0026quot;mime-typeu0026quot;:u0026quot;image\/pngu0026quot;,u0026quot;filesizeu0026quot;:35083},u0026quot;largeu0026quot;:{u0026quot;fileu0026quot;:u0026quot;NOS-VALEURS-1024x819.pngu0026quot;,u0026quot;widthu0026quot;:1024,u0026quot;heightu0026quot;:819,u0026quot;mime-typeu0026quot;:u0026quot;image\/pngu0026quot;,u0026quot;filesizeu0026quot;:225448},u0026quot;thumbnailu0026quot;:{u0026quot;fileu0026quot;:u0026quot;NOS-VALEURS-150x150.pngu0026quot;,u0026quot;widthu0026quot;:150,u0026quot;heightu0026quot;:150,u0026quot;mime-typeu0026quot;:u0026quot;image\/pngu0026quot;,u0026quot;filesizeu0026quot;:13518},u0026quot;medium_largeu0026quot;:{u0026quot;fileu0026quot;:u0026quot;NOS-VALEURS-768x614.pngu0026quot;,u0026quot;widthu0026quot;:768,u0026quot;heightu0026quot;:614,u0026quot;mime-typeu0026quot;:u0026quot;image\/pngu0026quot;,u0026quot;filesizeu0026quot;:145248},u0026quot;1536x1536u0026quot;:{u0026quot;fileu0026quot;:u0026quot;NOS-VALEURS-1536x1229.pngu0026quot;,u0026quot;widthu0026quot;:1536,u0026quot;heightu0026quot;:1229,u0026quot;mime-typeu0026quot;:u0026quot;image\/pngu0026quot;,u0026quot;filesizeu0026quot;:422038},u0026quot;2048x2048u0026quot;:{u0026quot;fileu0026quot;:u0026quot;NOS-VALEURS-2048x1638.pngu0026quot;,u0026quot;widthu0026quot;:2048,u0026quot;heightu0026quot;:1638,u0026quot;mime-typeu0026quot;:u0026quot;image\/pngu0026quot;,u0026quot;filesizeu0026quot;:665255},u0026quot;ocean-thumb-mu0026quot;:{u0026quot;fileu0026quot;:u0026quot;NOS-VALEURS-600x600.pngu0026quot;,u0026quot;widthu0026quot;:600,u0026quot;heightu0026quot;:600,u0026quot;mime-typeu0026quot;:u0026quot;image\/pngu0026quot;,u0026quot;filesizeu0026quot;:100768},u0026quot;ocean-thumb-mlu0026quot;:{u0026quot;fileu0026quot;:u0026quot;NOS-VALEURS-800x450.pngu0026quot;,u0026quot;widthu0026quot;:800,u0026quot;heightu0026quot;:450,u0026quot;mime-typeu0026quot;:u0026quot;image\/pngu0026quot;,u0026quot;filesizeu0026quot;:117927},u0026quot;ocean-thumb-lu0026quot;:{u0026quot;fileu0026quot;:u0026quot;NOS-VALEURS-1200x700.pngu0026quot;,u0026quot;widthu0026quot;:1200,u0026quot;heightu0026quot;:700,u0026quot;mime-typeu0026quot;:u0026quot;image\/pngu0026quot;,u0026quot;filesizeu0026quot;:227944}},u0026quot;image_metau0026quot;:{u0026quot;apertureu0026quot;:u0026quot;0u0026quot;,u0026quot;creditu0026quot;:u0026quot;u0026quot;,u0026quot;camerau0026quot;:u0026quot;u0026quot;,u0026quot;captionu0026quot;:u0026quot;u0026quot;,u0026quot;created_timestampu0026quot;:u0026quot;0u0026quot;,u0026quot;copyrightu0026quot;:u0026quot;u0026quot;,u0026quot;focal_lengthu0026quot;:u0026quot;0u0026quot;,u0026quot;isou0026quot;:u0026quot;0u0026quot;,u0026quot;shutter_speedu0026quot;:u0026quot;0u0026quot;,u0026quot;titleu0026quot;:u0026quot;u0026quot;,u0026quot;orientationu0026quot;:u0026quot;0u0026quot;,u0026quot;keywordsu0026quot;:[]}},u0026quot;idu0026quot;:u0026quot;484u0026quot;,u0026quot;img_htmlu0026quot;:u0026quot;u0026lt;img width=\\u0026quot;1024\\u0026quot; height=\\u0026quot;819\\u0026quot; src=\\u0026quot;https:\/\/aped-dingy.com\/wp-content\/uploads\/2025\/01\/NOS-VALEURS-1024x819.png\\u0026quot; class=\\u0026quot;wp-image-484\\u0026quot; alt=\\u0026quot;\\u0026quot; draggable=\\u0026quot;\\u0026quot; srcset=\\u0026quot;https:\/\/aped-dingy.com\/wp-content\/uploads\/2025\/01\/NOS-VALEURS-1024x819.png 1024w, https:\/\/aped-dingy.com\/wp-content\/uploads\/2025\/01\/NOS-VALEURS-300x240.png 300w, https:\/\/aped-dingy.com\/wp-content\/uploads\/2025\/01\/NOS-VALEURS-768x614.png 768w, https:\/\/aped-dingy.com\/wp-content\/uploads\/2025\/01\/NOS-VALEURS-1536x1229.png 1536w, https:\/\/aped-dingy.com\/wp-content\/uploads\/2025\/01\/NOS-VALEURS-2048x1638.png 2048w\\u0026quot; sizes=\\u0026quot;(max-width: 1024px) 100vw, 1024px\\u0026quot; \/u0026gt;u0026quot;,u0026quot;link_hrefu0026quot;:null,u0026quot;link_targetu0026quot;:u0026quot;_selfu0026quot;,u0026quot;link_relu0026quot;:null,u0026quot;attributesu0026quot;:{u0026quot;data-mgl-idu0026quot;:u0026quot;484u0026quot;,u0026quot;data-mgl-widthu0026quot;:u0026quot;2880u0026quot;,u0026quot;data-mgl-heightu0026quot;:u0026quot;2304u0026quot;},u0026quot;orientationu0026quot;:u0026quot;ou0026quot;}]u0022 data-atts=u0022{u0026quot;idsu0026quot;:u0026quot;484u0026quot;,u0026quot;layoutu0026quot;:u0026quot;tilesu0026quot;,u0026quot;wplr-collectionu0026quot;:u0026quot;u0026quot;,u0026quot;wplr-folderu0026quot;:u0026quot;u0026quot;}u0022u003eu003cdiv class=u0022mgl-gallery-containeru0022u003eu003c\/divu003eu003cdiv class=u0022mgl-gallery-imagesu0022u003eu003cimg width=u00221024u0022 height=u0022819u0022 src=u0022https:\/\/aped-dingy.com\/wp-content\/uploads\/2025\/01\/NOS-VALEURS-1024x819.pngu0022 class=u0022wp-image-484u0022 alt=u0022u0022 draggable=u0022u0022 srcset=u0022https:\/\/aped-dingy.com\/wp-content\/uploads\/2025\/01\/NOS-VALEURS-1024x819.png 1024w, https:\/\/aped-dingy.com\/wp-content\/uploads\/2025\/01\/NOS-VALEURS-300x240.png 300w, https:\/\/aped-dingy.com\/wp-content\/uploads\/2025\/01\/NOS-VALEURS-768x614.png 768w, https:\/\/aped-dingy.com\/wp-content\/uploads\/2025\/01\/NOS-VALEURS-1536x1229.png 1536w, https:\/\/aped-dingy.com\/wp-content\/uploads\/2025\/01\/NOS-VALEURS-2048x1638.png 2048wu0022 sizes=u0022(max-width: 1024px) 100vw, 1024pxu0022 \/u003eu003c\/divu003eu003c\/divu003e\"} -->\n\n<div id='gallery-2' class='gallery galleryid-436 gallery-columns-3 gallery-size-thumbnail'><figure class='gallery-item'>\n\t\t\t<div class='gallery-icon landscape'>\n\t\t\t\t<a href='https:\/\/aped-dingy.com\/nos-valeurs-png\/'><img decoding=\"async\" width=\"150\" height=\"150\" src=\"https:\/\/aped-dingy.com\/wp-content\/uploads\/2025\/01\/NOS-VALEURS.png-150x150.png\" class=\"attachment-thumbnail size-thumbnail\" alt=\"\" srcset=\"https:\/\/aped-dingy.com\/wp-content\/uploads\/2025\/01\/NOS-VALEURS.png-150x150.png 150w, https:\/\/aped-dingy.com\/wp-content\/uploads\/2025\/01\/NOS-VALEURS.png-600x600.png 600w\" sizes=\"(max-width: 150px) 100vw, 150px\" \/><\/a>\n\t\t\t<\/div><\/figure>\n\t\t<\/div>\n\n\n<!-- \/wp:meow-gallery\/gallery --><!-- wp:paragraph -->\n\n<!-- \/wp:paragraph --><!-- wp:paragraph -->\n\n<!-- \/wp:paragraph --><!-- wp:meow-gallery\/gallery {\"images\":[{\"alt\":\"\",\"id\":448,\"link\":\"https:\/\/aped-dingy.com\/index.php\/a-propos\/aped-info-utiles-%f0%9f%92%a1-2\/\",\"url\":\"http:\/\/aped-dingy.com\/wp-content\/uploads\/2025\/01\/APED-Info-UTILEs-\ud83d\udca1.png\",\"caption\":\"\"}],\"htmlPreview\":\"u003cdiv class=u0022mgl-rootu0022 data-gallery-options=u0022{u0026quot;image_idsu0026quot;:[u0026quot;448u0026quot;],u0026quot;idu0026quot;:u0026quot;678f90d8eebf3u0026quot;,u0026quot;sizeu0026quot;:u0026quot;largeu0026quot;,u0026quot;infiniteu0026quot;:false,u0026quot;custom_classu0026quot;:null,u0026quot;linku0026quot;:null,u0026quot;is_previewu0026quot;:true,u0026quot;updiru0026quot;:u0026quot;http:\/\/aped-dingy.com\/wp-content\/uploads\/u0026quot;,u0026quot;captionsu0026quot;:u0026quot;noneu0026quot;,u0026quot;animationu0026quot;:false,u0026quot;layoutu0026quot;:u0026quot;tilesu0026quot;,u0026quot;justified_row_heightu0026quot;:200,u0026quot;justified_gutteru0026quot;:5,u0026quot;masonry_gutteru0026quot;:5,u0026quot;masonry_columnsu0026quot;:3,u0026quot;square_gutteru0026quot;:5,u0026quot;square_columnsu0026quot;:5,u0026quot;cascade_gutteru0026quot;:10,u0026quot;class_idu0026quot;:u0026quot;mgl-gallery-678f90d8eebf3u0026quot;,u0026quot;layoutsu0026quot;:[],u0026quot;tiles_gutteru0026quot;:10,u0026quot;tiles_gutter_tabletu0026quot;:10,u0026quot;tiles_gutter_mobileu0026quot;:10,u0026quot;tiles_densityu0026quot;:u0026quot;highu0026quot;,u0026quot;tiles_density_tabletu0026quot;:u0026quot;mediumu0026quot;,u0026quot;tiles_density_mobileu0026quot;:u0026quot;lowu0026quot;,u0026quot;horizontal_gutteru0026quot;:10,u0026quot;horizontal_image_heightu0026quot;:500,u0026quot;horizontal_hide_scrollbaru0026quot;:false,u0026quot;carousel_gutteru0026quot;:5,u0026quot;carousel_arrow_nav_enabledu0026quot;:true,u0026quot;carousel_dot_nav_enabledu0026quot;:true,u0026quot;carousel_image_heightu0026quot;:500,u0026quot;map_gutteru0026quot;:10,u0026quot;map_heightu0026quot;:500}u0022 data-gallery-images=u0022[{u0026quot;captionu0026quot;:u0026quot;u0026quot;,u0026quot;metau0026quot;:{u0026quot;widthu0026quot;:1414,u0026quot;heightu0026quot;:2000,u0026quot;fileu0026quot;:u0026quot;2025\/01\/APED-Info-UTILEs-\ud83d\udca1.pngu0026quot;,u0026quot;filesizeu0026quot;:815210,u0026quot;sizesu0026quot;:{u0026quot;mediumu0026quot;:{u0026quot;fileu0026quot;:u0026quot;APED-Info-UTILEs-\ud83d\udca1-212x300.pngu0026quot;,u0026quot;widthu0026quot;:212,u0026quot;heightu0026quot;:300,u0026quot;mime-typeu0026quot;:u0026quot;image\/pngu0026quot;,u0026quot;filesizeu0026quot;:36819},u0026quot;largeu0026quot;:{u0026quot;fileu0026quot;:u0026quot;APED-Info-UTILEs-\ud83d\udca1-724x1024.pngu0026quot;,u0026quot;widthu0026quot;:724,u0026quot;heightu0026quot;:1024,u0026quot;mime-typeu0026quot;:u0026quot;image\/pngu0026quot;,u0026quot;filesizeu0026quot;:289651},u0026quot;thumbnailu0026quot;:{u0026quot;fileu0026quot;:u0026quot;APED-Info-UTILEs-\ud83d\udca1-150x150.pngu0026quot;,u0026quot;widthu0026quot;:150,u0026quot;heightu0026quot;:150,u0026quot;mime-typeu0026quot;:u0026quot;image\/pngu0026quot;,u0026quot;filesizeu0026quot;:17810},u0026quot;medium_largeu0026quot;:{u0026quot;fileu0026quot;:u0026quot;APED-Info-UTILEs-\ud83d\udca1-768x1086.pngu0026quot;,u0026quot;widthu0026quot;:768,u0026quot;heightu0026quot;:1086,u0026quot;mime-typeu0026quot;:u0026quot;image\/pngu0026quot;,u0026quot;filesizeu0026quot;:318006},u0026quot;1536x1536u0026quot;:{u0026quot;fileu0026quot;:u0026quot;APED-Info-UTILEs-\ud83d\udca1-1086x1536.pngu0026quot;,u0026quot;widthu0026quot;:1086,u0026quot;heightu0026quot;:1536,u0026quot;mime-typeu0026quot;:u0026quot;image\/pngu0026quot;,u0026quot;filesizeu0026quot;:553471},u0026quot;ocean-thumb-mu0026quot;:{u0026quot;fileu0026quot;:u0026quot;APED-Info-UTILEs-\ud83d\udca1-600x600.pngu0026quot;,u0026quot;widthu0026quot;:600,u0026quot;heightu0026quot;:600,u0026quot;mime-typeu0026quot;:u0026quot;image\/pngu0026quot;,u0026quot;filesizeu0026quot;:193527},u0026quot;ocean-thumb-mlu0026quot;:{u0026quot;fileu0026quot;:u0026quot;APED-Info-UTILEs-\ud83d\udca1-800x450.pngu0026quot;,u0026quot;widthu0026quot;:800,u0026quot;heightu0026quot;:450,u0026quot;mime-typeu0026quot;:u0026quot;image\/pngu0026quot;,u0026quot;filesizeu0026quot;:220657},u0026quot;ocean-thumb-lu0026quot;:{u0026quot;fileu0026quot;:u0026quot;APED-Info-UTILEs-\ud83d\udca1-1200x700.pngu0026quot;,u0026quot;widthu0026quot;:1200,u0026quot;heightu0026quot;:700,u0026quot;mime-typeu0026quot;:u0026quot;image\/pngu0026quot;,u0026quot;filesizeu0026quot;:445551}},u0026quot;image_metau0026quot;:{u0026quot;apertureu0026quot;:u0026quot;0u0026quot;,u0026quot;creditu0026quot;:u0026quot;u0026quot;,u0026quot;camerau0026quot;:u0026quot;u0026quot;,u0026quot;captionu0026quot;:u0026quot;u0026quot;,u0026quot;created_timestampu0026quot;:u0026quot;0u0026quot;,u0026quot;copyrightu0026quot;:u0026quot;u0026quot;,u0026quot;focal_lengthu0026quot;:u0026quot;0u0026quot;,u0026quot;isou0026quot;:u0026quot;0u0026quot;,u0026quot;shutter_speedu0026quot;:u0026quot;0u0026quot;,u0026quot;titleu0026quot;:u0026quot;u0026quot;,u0026quot;orientationu0026quot;:u0026quot;0u0026quot;,u0026quot;keywordsu0026quot;:[]}},u0026quot;idu0026quot;:u0026quot;448u0026quot;,u0026quot;img_htmlu0026quot;:u0026quot;u0026lt;img width=\\u0026quot;724\\u0026quot; height=\\u0026quot;1024\\u0026quot; src=\\u0026quot;https:\/\/aped-dingy.com\/wp-content\/uploads\/2025\/01\/APED-Info-UTILEs-\ud83d\udca1-724x1024.png\\u0026quot; class=\\u0026quot;wp-image-448\\u0026quot; alt=\\u0026quot;\\u0026quot; draggable=\\u0026quot;\\u0026quot; srcset=\\u0026quot;https:\/\/aped-dingy.com\/wp-content\/uploads\/2025\/01\/APED-Info-UTILEs-\ud83d\udca1-724x1024.png 724w, https:\/\/aped-dingy.com\/wp-content\/uploads\/2025\/01\/APED-Info-UTILEs-\ud83d\udca1-212x300.png 212w, https:\/\/aped-dingy.com\/wp-content\/uploads\/2025\/01\/APED-Info-UTILEs-\ud83d\udca1-768x1086.png 768w, https:\/\/aped-dingy.com\/wp-content\/uploads\/2025\/01\/APED-Info-UTILEs-\ud83d\udca1-1086x1536.png 1086w, https:\/\/aped-dingy.com\/wp-content\/uploads\/2025\/01\/APED-Info-UTILEs-\ud83d\udca1.png 1414w\\u0026quot; sizes=\\u0026quot;(max-width: 724px) 100vw, 724px\\u0026quot; \/u0026gt;u0026quot;,u0026quot;link_hrefu0026quot;:null,u0026quot;link_targetu0026quot;:u0026quot;_selfu0026quot;,u0026quot;link_relu0026quot;:null,u0026quot;attributesu0026quot;:{u0026quot;data-mgl-idu0026quot;:u0026quot;448u0026quot;,u0026quot;data-mgl-widthu0026quot;:u0026quot;1414u0026quot;,u0026quot;data-mgl-heightu0026quot;:u0026quot;2000u0026quot;},u0026quot;orientationu0026quot;:u0026quot;iu0026quot;}]u0022 data-atts=u0022{u0026quot;idsu0026quot;:u0026quot;448u0026quot;,u0026quot;layoutu0026quot;:u0026quot;tilesu0026quot;,u0026quot;wplr-collectionu0026quot;:u0026quot;u0026quot;,u0026quot;wplr-folderu0026quot;:u0026quot;u0026quot;}u0022u003eu003cdiv class=u0022mgl-gallery-containeru0022u003eu003c\/divu003eu003cdiv class=u0022mgl-gallery-imagesu0022u003eu003cimg width=u0022724u0022 height=u00221024u0022 src=u0022https:\/\/aped-dingy.com\/wp-content\/uploads\/2025\/01\/APED-Info-UTILEs-\ud83d\udca1-724x1024.pngu0022 class=u0022wp-image-448u0022 alt=u0022u0022 draggable=u0022u0022 srcset=u0022https:\/\/aped-dingy.com\/wp-content\/uploads\/2025\/01\/APED-Info-UTILEs-\ud83d\udca1-724x1024.png 724w, https:\/\/aped-dingy.com\/wp-content\/uploads\/2025\/01\/APED-Info-UTILEs-\ud83d\udca1-212x300.png 212w, https:\/\/aped-dingy.com\/wp-content\/uploads\/2025\/01\/APED-Info-UTILEs-\ud83d\udca1-768x1086.png 768w, https:\/\/aped-dingy.com\/wp-content\/uploads\/2025\/01\/APED-Info-UTILEs-\ud83d\udca1-1086x1536.png 1086w, https:\/\/aped-dingy.com\/wp-content\/uploads\/2025\/01\/APED-Info-UTILEs-\ud83d\udca1.png 1414wu0022 sizes=u0022(max-width: 724px) 100vw, 724pxu0022 \/u003eu003c\/divu003eu003c\/divu003e\"} -->\n\n<strong style=\"font-size: 14px; color: var( --e-global-color-text ); text-align: var(--text-align);\">Nous contacter :<\/strong>\n\n<!-- \/wp:meow-gallery\/gallery --><!-- wp:list -->\n<ul>\n \t<li style=\"list-style-type: none;\">\n<ul><!-- wp:list-item --><\/ul>\n<\/li>\n<\/ul>\n<ul>\n \t<li style=\"list-style-type: none;\">\n<ul>\n \t<li>Mail g\u00e9n\u00e9rique <strong>: <\/strong><a href=\"mailto:aped@aped-dingy.com\" target=\"_blank\" rel=\"noreferrer noopener\">aped@aped-dingy.com<\/a><\/li>\n<\/ul>\n<\/li>\n<\/ul>\n<!-- \/wp:list-item --><!-- wp:list-item -->\n<ul>\n \t<li style=\"list-style-type: none;\">\n<ul>\n \t<li>Mail sp\u00e9cifique pour \u00e9changer avec la Tr\u00e9sorerie : aped.tresorerie@gmail.com<\/li>\n<\/ul>\n<\/li>\n<\/ul>\n<!-- \/wp:list-item --><!-- wp:list-item -->\n<ul>\n \t<li style=\"list-style-type: none;\">\n<ul>\n \t<li>Mail Secr\u00e9tariat pour tout \u00e9change en lien avec l\u2019administratif : aped.secretariat@gmail.com<\/li>\n<\/ul>\n<\/li>\n<\/ul>\n<!-- \/wp:list-item --><!-- wp:list-item -->\n<ul>\n \t<li style=\"list-style-type: none;\">\n<ul>\n \t<li>Mail Pr\u00e9sidence : aped.presidence@gmail.com<\/li>\n<\/ul>\n<\/li>\n<\/ul>\n<!-- \/wp:list-item -->\n\n<!-- \/wp:list --><!-- wp:list -->\n<ul>\n \t<li style=\"list-style-type: none;\">\n<ul><!-- wp:list-item --><\/ul>\n<\/li>\n<\/ul>\n<ul>\n \t<li style=\"list-style-type: none;\">\n<ul>\n \t<li>Facebook APED : <a href=\"https:\/\/www.facebook.com\/profile.php?id=61568539525866\">Facebook<\/a> APE Dingy 74 et sur Instagram : <a href=\"https:\/\/www.instagram.com\/apedingy74\/\">Instagram<\/a> apedingy74<\/li>\n<\/ul>\n<\/li>\n<\/ul>\n<!-- \/wp:list-item --><!-- wp:list-item -->\n<ul>\n \t<li style=\"list-style-type: none;\">\n<ul>\n \t<li>Facebook sp\u00e9cifique Manifestation Dingo Trail : <a href=\"https:\/\/www.facebook.com\/dingotrail.fr\/\" target=\"_blank\" rel=\"noreferrer noopener\">https:\/\/www.facebook.com\/dingotrail.fr\/\u00a0<\/a><\/li>\n<\/ul>\n<\/li>\n<\/ul>\n<a style=\"font-size: 14px; text-align: var(--text-align); background-color: #ffffff;\" href=\"http:\/\/eepurl.com\/gu6iyv\" target=\"_blank\" rel=\"noopener\">Pour s&rsquo;inscrire \u00e0 la Newsletter APED, c&rsquo;est par ici<\/a>\u00a0!\n\n<!-- \/wp:list-item -->\n\n<!-- \/wp:list --><!-- wp:paragraph -->\n\n<!-- \/wp:paragraph -->","protected":false},"excerpt":{"rendered":"<p>L&rsquo;APED c&rsquo;est : Une association ouverte \u00e0 tous les parents d\u2019\u00e9l\u00e8ves des \u00e9coles maternelle et primaire de Dingy-Saint-Clair, Une communaut\u00e9 de b\u00e9n\u00e9voles qui organise des manifestations pour le financement des activit\u00e9s scolaires, =&gt; Cr\u00e9er du lien, permettre aux parents de se rencontrer, \u00e9crire ensemble de superbes souvenirs pour nos enfants, faire vivre notre commune tout [&hellip;]<\/p>\n","protected":false},"author":1,"featured_media":0,"parent":0,"menu_order":0,"comment_status":"closed","ping_status":"closed","template":"","meta":{"ocean_post_layout":"","ocean_both_sidebars_style":"","ocean_both_sidebars_content_width":0,"ocean_both_sidebars_sidebars_width":0,"ocean_sidebar":"","ocean_second_sidebar":"","ocean_disable_margins":"enable","ocean_add_body_class":"","ocean_shortcode_before_top_bar":"","ocean_shortcode_after_top_bar":"","ocean_shortcode_before_header":"","ocean_shortcode_after_header":"","ocean_has_shortcode":"","ocean_shortcode_after_title":"","ocean_shortcode_before_footer_widgets":"","ocean_shortcode_after_footer_widgets":"","ocean_shortcode_before_footer_bottom":"","ocean_shortcode_after_footer_bottom":"","ocean_display_top_bar":"default","ocean_display_header":"default","ocean_header_style":"","ocean_center_header_left_menu":"","ocean_custom_header_template":"","ocean_custom_logo":0,"ocean_custom_retina_logo":0,"ocean_custom_logo_max_width":0,"ocean_custom_logo_tablet_max_width":0,"ocean_custom_logo_mobile_max_width":0,"ocean_custom_logo_max_height":0,"ocean_custom_logo_tablet_max_height":0,"ocean_custom_logo_mobile_max_height":0,"ocean_header_custom_menu":"","ocean_menu_typo_font_family":"","ocean_menu_typo_font_subset":"","ocean_menu_typo_font_size":0,"ocean_menu_typo_font_size_tablet":0,"ocean_menu_typo_font_size_mobile":0,"ocean_menu_typo_font_size_unit":"px","ocean_menu_typo_font_weight":"","ocean_menu_typo_font_weight_tablet":"","ocean_menu_typo_font_weight_mobile":"","ocean_menu_typo_transform":"","ocean_menu_typo_transform_tablet":"","ocean_menu_typo_transform_mobile":"","ocean_menu_typo_line_height":0,"ocean_menu_typo_line_height_tablet":0,"ocean_menu_typo_line_height_mobile":0,"ocean_menu_typo_line_height_unit":"","ocean_menu_typo_spacing":0,"ocean_menu_typo_spacing_tablet":0,"ocean_menu_typo_spacing_mobile":0,"ocean_menu_typo_spacing_unit":"","ocean_menu_link_color":"","ocean_menu_link_color_hover":"","ocean_menu_link_color_active":"","ocean_menu_link_background":"","ocean_menu_link_hover_background":"","ocean_menu_link_active_background":"","ocean_menu_social_links_bg":"","ocean_menu_social_hover_links_bg":"","ocean_menu_social_links_color":"","ocean_menu_social_hover_links_color":"","ocean_disable_title":"default","ocean_disable_heading":"default","ocean_post_title":"","ocean_post_subheading":"","ocean_post_title_style":"","ocean_post_title_background_color":"","ocean_post_title_background":0,"ocean_post_title_bg_image_position":"","ocean_post_title_bg_image_attachment":"","ocean_post_title_bg_image_repeat":"","ocean_post_title_bg_image_size":"","ocean_post_title_height":0,"ocean_post_title_bg_overlay":0.5,"ocean_post_title_bg_overlay_color":"","ocean_disable_breadcrumbs":"default","ocean_breadcrumbs_color":"","ocean_breadcrumbs_separator_color":"","ocean_breadcrumbs_links_color":"","ocean_breadcrumbs_links_hover_color":"","ocean_display_footer_widgets":"default","ocean_display_footer_bottom":"default","ocean_custom_footer_template":"","footnotes":""},"class_list":["post-436","page","type-page","status-publish","hentry","entry"],"_links":{"self":[{"href":"https:\/\/aped-dingy.com\/index.php\/wp-json\/wp\/v2\/pages\/436","targetHints":{"allow":["GET"]}}],"collection":[{"href":"https:\/\/aped-dingy.com\/index.php\/wp-json\/wp\/v2\/pages"}],"about":[{"href":"https:\/\/aped-dingy.com\/index.php\/wp-json\/wp\/v2\/types\/page"}],"author":[{"embeddable":true,"href":"https:\/\/aped-dingy.com\/index.php\/wp-json\/wp\/v2\/users\/1"}],"replies":[{"embeddable":true,"href":"https:\/\/aped-dingy.com\/index.php\/wp-json\/wp\/v2\/comments?post=436"}],"version-history":[{"count":27,"href":"https:\/\/aped-dingy.com\/index.php\/wp-json\/wp\/v2\/pages\/436\/revisions"}],"predecessor-version":[{"id":977,"href":"https:\/\/aped-dingy.com\/index.php\/wp-json\/wp\/v2\/pages\/436\/revisions\/977"}],"wp:attachment":[{"href":"https:\/\/aped-dingy.com\/index.php\/wp-json\/wp\/v2\/media?parent=436"}],"curies":[{"name":"wp","href":"https:\/\/api.w.org\/{rel}","templated":true}]}}